{"id":5,"date":"2014-09-11T13:52:30","date_gmt":"2014-09-11T11:52:30","guid":{"rendered":"http:\/\/danielamohr.com\/mohrblog\/?page_id=5"},"modified":"2017-03-26T11:05:46","modified_gmt":"2017-03-26T09:05:46","slug":"mohrlaufen","status":"publish","type":"page","link":"https:\/\/danielamohr.com\/mohrblog\/mohrlaufen\/","title":{"rendered":"mohrlaufen"},"content":{"rendered":"<p>2016<\/p>\n<ul>\n<li>17.01.16 &#8211; <a href=\"http:\/\/danielamohr.com\/mohrblog\/2016\/02\/02\/oekomohr-diy-waschmittel\/\">Der Schl\u00fcssel zum Gl\u00fcck <\/a><\/li>\n<\/ul>\n<p>2015<\/p>\n<ul>\n<li>02.11.15 &#8211; <a href=\"http:\/\/danielamohr.com\/mohrblog\/2015\/11\/02\/mohrlaufen-zimtzucker-und-krokant-im-getriebe\/\">Zimtzucker und Krokant im Getriebe<\/a><\/li>\n<li>10.09.15 &#8211; <a href=\"http:\/\/danielamohr.com\/mohrblog\/2015\/09\/10\/ein-letztes-taenzchen-mit-frau-sommer\/\">Ein letztes T\u00e4nzchen mit Frau Sommer <\/a><\/li>\n<li>27.08.15 &#8211; <a href=\"http:\/\/danielamohr.com\/mohrblog\/2015\/08\/27\/huiiibibberschwitz-eine-freifahrt-auf-der-klima-achterbahn\/\">Eine Freifahrt auf der Klima-Achterbahn<\/a><\/li>\n<li>04.06.15 &#8211; <a href=\"http:\/\/danielamohr.com\/mohrblog\/2015\/06\/04\/fuerstenweg-die-zweite-was-geht-kann-auch-laufen\/\">F\u00fcrstenweg, die 2.<\/a> &#8211; Was geht kann, kann auch laufen!<\/li>\n<li>17.05.15 &#8211; <a href=\"http:\/\/danielamohr.com\/mohrblog\/2015\/05\/17\/happy-feet\/\">Happy feet!<\/a><\/li>\n<li>29.04.15 &#8211; <a href=\"http:\/\/danielamohr.com\/mohrblog\/2015\/04\/29\/hauptsache-man-ist-an-der-frischen-luft\/\">&#8222;Hauptsache, man ist an der frischen Luft&#8220;<\/a> &#8211; (24-Stundenlauf am Seilersee)<\/li>\n<li>27.04.15 &#8211; &#8222;<a href=\"http:\/\/danielamohr.com\/mohrblog\/2015\/04\/27\/the-first-cut-is-the-deepest-mein-erster-volkslauf\/\">The first cut is the deepest&#8220;<\/a> &#8211; Mein erster Wettkampf (4 km-Jedermannslauf)<\/li>\n<li>06.04.15 &#8211; <a title=\"Frollein Ichwillaber! versus Herr Ichkaufnix!\" href=\"http:\/\/danielamohr.com\/mohrblog\/2015\/04\/06\/frollein-ichwillaber-versus-herr-ichkaufnix\/\">Frollein Ichwillaber! versus Herr Ichkaufnix!<\/a><\/li>\n<li>04.04.15 &#8211; <a title=\"Augen auf, die Realit\u00e4t wartet!\" href=\"http:\/\/danielamohr.com\/mohrblog\/2015\/04\/04\/augen-auf-die-realitaet-wartet\/\">Augen auf, die Realit\u00e4t wartet!<\/a><\/li>\n<li>20.03.15 &#8211; <a title=\"\u201cOops, we did it again!\u201d \u2013 40 km-Geburtstagslauf\" href=\"http:\/\/danielamohr.com\/mohrblog\/2015\/03\/21\/oops-we-did-it-again-40-km-geburtstagslauf\/\">&#8222;Oops, we did it again!&#8220;<\/a> &#8211; 40 km-Geburtstagslauf<\/li>\n<li>\u00a013.03.15 &#8211; <a title=\"Eine Bordsteinschwalbe macht noch keinen Sommer\" href=\"http:\/\/danielamohr.com\/mohrblog\/2015\/03\/13\/eine-bordsteinschwalbe-macht-noch-keinen-sommer\/\">Eine Bordsteinschwalbe macht noch keinen Sommer <\/a><\/li>\n<li>20.02.15 &#8211; <a title=\"Es ist vorbei!\" href=\"http:\/\/danielamohr.com\/mohrblog\/2015\/02\/20\/es-ist-vorbei\/\">Es ist vorbei! <\/a><\/li>\n<li>01.02.15 &#8211; <a title=\"Holzauge, sei achtsam!\" href=\"http:\/\/danielamohr.com\/mohrblog\/2015\/02\/01\/holzauge-sei-achtsam\/\">Holzauge, sei achtsam! <\/a><\/li>\n<\/ul>\n<p>2014<\/p>\n<ul>\n<li>25.10.14 &#8211; &#8222;<a title=\"\u201cMehr Licht!\u201d oder \u201cFuck you, darkness!\u201d\" href=\"http:\/\/danielamohr.com\/mohrblog\/2014\/10\/24\/mehr-licht-oder-fuck-you-darkness\/\">Mehr Licht&#8220; &#8211; oder &#8222;Fuck you, darkness!&#8220;<\/a><\/li>\n<li>21.09.14 &#8211; <a title=\"Regen, Regen, Tr\u00f6pfchen, fall\u2019 doch auf mein K\u00f6pfchen\" href=\"http:\/\/danielamohr.com\/mohrblog\/2014\/09\/21\/regen-regen-troepfchen-fall-doch-auf-mein-koepfchen\/\">Regen, Regen, Tr\u00f6pfchen, fall doch auf mein K\u00f6pfchen!<\/a><\/li>\n<li>16.09.14 &#8211; <a title=\"Good day sunshine\" href=\"http:\/\/danielamohr.com\/mohrblog\/2014\/09\/16\/good-day-sunshine\/\">Good day sunshine<\/a><\/li>\n<li>24.08.14 &#8211; <a title=\"Enjoy the silence, my ass!\" href=\"http:\/\/danielamohr.com\/mohrblog\/2014\/09\/14\/enjoy-the-silence-my-ass\/\">Enjoy the silence, my ass!<\/a><\/li>\n<li>02.08.14 &#8211; <a title=\"Carpe diem (verdammt nochmal, jetzt!)\" href=\"http:\/\/danielamohr.com\/mohrblog\/2014\/09\/30\/carpe-diem-verdammt-nochmal-jetzt\/\">Carpe diem (verdammt nochmal, jetzt!)<\/a><\/li>\n<li>28.06.14 &#8211; <a title=\"Being Uschi Uphill\" href=\"http:\/\/danielamohr.com\/mohrblog\/2014\/09\/30\/being-uschi-uphill\/\">Being Uschi Uphill <\/a><\/li>\n<li>19.06.14 &#8211; <a title=\"\u201cUnd, wie l\u00e4uft\u2019s?\u201d \u2013 Och jo. Es geht.\" href=\"http:\/\/danielamohr.com\/mohrblog\/2014\/09\/30\/und-wie-laeufts-och-jo-es-geht\/\">&#8222;Und, wie l\u00e4uft&#8217;s?&#8220; &#8211; Och jo. Es geht. <\/a><\/li>\n<li>26.05.14 &#8211; <a title=\"Meet the Rheinsteig-Ripper\" href=\"http:\/\/danielamohr.com\/mohrblog\/2014\/09\/30\/meet-the-rheinsteig-ripper\/\">Meet the Rheinsteig-Ripper<\/a><\/li>\n<li>06.04.14 &#8211; <a title=\"Des Wahnsinns fette Beute \u2013 Nebenwirkungen des Ausdauersports\" href=\"http:\/\/danielamohr.com\/mohrblog\/2014\/09\/30\/des-wahnsinns-fette-beute-nebenwirkungen-des-ausdauersports\/\">Des Wahnsinns fette Beute &#8211; Nebenwirkungen des Ausdauersports<\/a><\/li>\n<li>20.03.14 &#8211; <a title=\"Aufzucht und Pflege eines Brauchtums\" href=\"http:\/\/danielamohr.com\/mohrblog\/2014\/09\/30\/aufzucht-und-pflege-eines-brauchtums\/\">Aufzucht und Pflege eines Brauchtums<\/a><\/li>\n<li>09.03.14 &#8211; <a title=\"M\u00fchsam n\u00e4hert sich das Eichh\u00f6rnchen\" href=\"http:\/\/danielamohr.com\/mohrblog\/2014\/09\/30\/muehsam-naehert-sich-das-eichhoernchen\/\">M\u00fchsam n\u00e4hert sich das Eichh\u00f6rnchen<\/a><\/li>\n<\/ul>\n<p>2013<\/p>\n<ul>\n<li>15.12.13 &#8211; <a title=\"Eine Frage der Zeit\" href=\"http:\/\/danielamohr.com\/mohrblog\/2014\/09\/30\/eine-frage-der-zeit\/\">Eine Frage der Zeit<\/a><\/li>\n<li>11.10.13 &#8211; <a title=\"Olle Liebe rostet nicht\" href=\"http:\/\/danielamohr.com\/mohrblog\/2014\/09\/30\/olle-liebe-rostet-nicht\/\">Olle Liebe rostet nicht<\/a><\/li>\n<li>06.07.13 &#8211; <a title=\"Lost in a forest \u2013 \u201cAber bitte mit Sahne\u201d\" href=\"http:\/\/danielamohr.com\/mohrblog\/2014\/09\/30\/lost-in-a-forest-aber-bitte-mit-sahne\/\">Lost in a forest &#8211; &#8222;Aber bitte mit Sahne&#8220;<\/a><\/li>\n<li>23.05.13 &#8211;<a title=\"Das sch\u00f6nste Ziel der Welt liegt in Schmiedefeld \u2013 Rennsteiglauf 2013\" href=\"http:\/\/danielamohr.com\/mohrblog\/2014\/09\/27\/das-schoenste-ziel-der-welt-liegt-in-schmiedefeld-rennsteiglauf-2013\/\">Das sch\u00f6nste Ziel der Welt liegt in Schmiedefeld &#8211; Rennsteiglauf 2013<\/a><\/li>\n<li>21.05.13 &#8211; <a title=\"Ultratr\u00e4ume im Realitycheck \u2013 oder \u201cEtt k\u00fctt wie ett k\u00fctt\u201d\" href=\"http:\/\/danielamohr.com\/mohrblog\/2014\/09\/27\/ultratraeume-im-realitycheck-oder-ett-kuett-wie-ett-kuett\/\">Ultratr\u00e4ume im Realitycheck &#8211; oder &#8222;Ett k\u00fctt wie ett k\u00fctt&#8220;<\/a><\/li>\n<li>11.05.13 &#8211; <a title=\"\u201cIt\u2019s just a perfect day, I\u2019m glad I spend it with you\u201d \u2013 50 km Westerwaldlauf\" href=\"http:\/\/danielamohr.com\/mohrblog\/2014\/09\/27\/its-just-a-perfect-day-im-glad-i-spend-it-with-you-50-km-westerwaldlauf\/\">It&#8217;s just a perfect day&#8220; &#8211; 50 km Westerwaldlauf\u00a0<\/a><\/li>\n<li>01.05.13 &#8211; <a title=\"Waldkamille gegen \u00dcbertrailung\" href=\"http:\/\/danielamohr.com\/mohrblog\/2014\/09\/26\/waldkamille-gegen-uebertrailung\/\">Waldkamille gegen \u00dcbertrailung<\/a><\/li>\n<li>28.04.13 &#8211; <a title=\"Hochmut kommt vor dem Fall \u2013 7-Hill-Thrill (30 km)\" href=\"http:\/\/danielamohr.com\/mohrblog\/2014\/09\/26\/hochmut-kommt-vor-dem-fall-7-hill-thrill-30-km\/\">Hochmut kommt vor dem Fall &#8211; 7-Hill-Thrill (30 km)<\/a><\/li>\n<li>21.04.13 &#8211; <a title=\"50 km \u2013 Me, myself and I\" href=\"http:\/\/danielamohr.com\/mohrblog\/2014\/09\/26\/50-km-me-myself-and-i\/\">50 km &#8211; Me, myself and I<\/a><\/li>\n<li>19.04.13 &#8211; <a title=\"Ringelblumensalbe f\u00fcrs Gem\u00fct\" href=\"http:\/\/danielamohr.com\/mohrblog\/2014\/09\/26\/ringelblumensalbe-fuers-gemuet\/\">Ringelblumensalbe f\u00fcrs Gem\u00fct<\/a><\/li>\n<li>12.04.13 &#8211; <a title=\"Das Schweigen der Hasen\" href=\"http:\/\/danielamohr.com\/mohrblog\/2014\/09\/26\/das-schweigen-der-hasen\/\">Das Schweigen der Hasen <\/a><\/li>\n<li>01.04.13 &#8211; <a title=\"Man ist nur dann ein Superheld\u2026\" href=\"http:\/\/danielamohr.com\/mohrblog\/2014\/09\/26\/man-ist-nur-dann-ein-superheld\/\">Man ist nur dann ein Superheld, wenn man sich selbst f\u00fcr super h\u00e4lt!<\/a><\/li>\n<li>31.03.13 &#8211; <a title=\"Soulfood to go \u2013 oder \u201cWir sind Ultra!\u201d\" href=\"http:\/\/danielamohr.com\/mohrblog\/2014\/09\/25\/soulfood-to-go-oder-wir-sind-ultra\/\">Soulfood to go &#8211; oder &#8222;Wir sind Ultra!&#8220;<\/a><\/li>\n<li>27.03.13 &#8211; <a title=\"Heut\u2019 mach\u2019 ich mir \u2018nen Lenz!\" href=\"http:\/\/danielamohr.com\/mohrblog\/2014\/09\/25\/heut-mach-ich-mir-nen-lenz\/\">Heut mach&#8216; ich mir &#8217;nen Lenz &#8211; macht ja sonst keiner. <\/a><\/li>\n<li>24.03.13 &#8211; <a title=\"Live, love and run!\" href=\"http:\/\/danielamohr.com\/mohrblog\/2014\/09\/25\/live-love-and-run\/\">Live, love&#8230;and run<\/a><\/li>\n<li>20.03.13 &#8211; <a title=\"Laufen statt Torte \u2013 Happy birthday to me!\" href=\"http:\/\/danielamohr.com\/mohrblog\/2014\/09\/22\/laufen-statt-torte-happy-birthday-to-me\/\">Laufen statt Torte &#8211; Happy birthday to me!<\/a><\/li>\n<li>28.02.13 &#8211; <a title=\"Time to say goodbye\" href=\"http:\/\/danielamohr.com\/mohrblog\/2014\/09\/22\/time-to-say-goodbye\/\">Time to say goodbye<\/a><\/li>\n<li>24.02.13 &#8211; <a title=\"The hills are alive\" href=\"http:\/\/danielamohr.com\/mohrblog\/2014\/09\/22\/the-hills-are-alive\/\">The hills are alive<\/a><\/li>\n<li>27.01.13 &#8211; <a title=\"Ein Toast auf den Toast!\" href=\"http:\/\/danielamohr.com\/mohrblog\/2014\/09\/22\/ein-toast-auf-den-toast\/\">Ein Toast auf den Toast!<\/a><\/li>\n<li>08.01.13\u00a0 &#8211; <a title=\"What a difference a day makes\" href=\"http:\/\/danielamohr.com\/mohrblog\/2014\/09\/22\/what-a-difference-a-day-makes\/\">What a difference a day makes&#8230;<\/a><\/li>\n<li>06.01.13 &#8211; <a title=\"\u201cIch trail durch!\u201d \u2013 Trailmagazin-Communityrun\" href=\"http:\/\/danielamohr.com\/mohrblog\/2014\/09\/22\/ich-trail-durch-trailmagazin-communityrun\/\">&#8222;Ich trail durch!&#8220; &#8211; Trailmagazin-Communityrun<\/a><\/li>\n<\/ul>\n<p>2012<\/p>\n<ul>\n<li>26.12.12 &#8211; <a title=\"Mens sana in corpore sano\" href=\"http:\/\/danielamohr.com\/mohrblog\/2014\/09\/19\/mens-sana-in-corpore-sano\/\">Mens sana in corpore sano <\/a><\/li>\n<li>23.12.12 &#8211; <a title=\"Die Geschichte vom Wortmeer\" href=\"http:\/\/danielamohr.com\/mohrblog\/2014\/09\/19\/die-geschichte-vom-wortmeer\/\">Die Geschichte vom Wortmeer <\/a><\/li>\n<li>12.12.12 &#8211; <a title=\"Wer wird denn gleich in die Luft gehen?\" href=\"http:\/\/danielamohr.com\/mohrblog\/2014\/09\/19\/wer-wird-denn-gleich-in-die-luft-gehen\/\">Wer wird denn gleich in die Luft gehen?<\/a><\/li>\n<li>11.09.12 &#8211; <a title=\"Die Wetterg\u00f6tter m\u00fcssen verr\u00fcckt sein!\" href=\"http:\/\/danielamohr.com\/mohrblog\/2014\/09\/19\/die-wettergoetter-muessen-verrueckt-sein\/\">Die Wetterg\u00f6tter m\u00fcssen verr\u00fcckt sein! (Pf\u00e4lzerwald-Marathon)<\/a><\/li>\n<li>02,09.12 &#8211; <a title=\"Panta rhei \u2013 \u201cAlles ist im Flu\u00df\u201d\" href=\"http:\/\/danielamohr.com\/mohrblog\/2014\/09\/19\/panta-rhei-alles-ist-im-fluss\/\">Panta rhei &#8211; &#8222;Alles ist im Flu\u00df<\/a>&#8222;<\/li>\n<li>23.08.12 &#8211; R<a title=\"Running up that hill\" href=\"http:\/\/danielamohr.com\/mohrblog\/2014\/09\/19\/running-up-that-hill\/\">unning up that hill <\/a><\/li>\n<li>15.07.12 &#8211; <a title=\"\u201cServus, die Wadln\u201d (B\u00e4renfelslauf-HM)\" href=\"http:\/\/danielamohr.com\/mohrblog\/2014\/09\/17\/servus-die-wadln-oder-a-friend-in-need-is-a-friend-indeed-baerenfelslauf-hm\/\">Servus, die Wadln! (B\u00e4renfels-HM)<\/a><\/li>\n<li>12.07.12 &#8211; <a title=\"Something for the pain\" href=\"http:\/\/danielamohr.com\/mohrblog\/2014\/09\/17\/something-for-the-pain\/\">Something for the pain<\/a><\/li>\n<li>05.06.12 &#8211; <a title=\"French fries\" href=\"http:\/\/danielamohr.com\/mohrblog\/2014\/09\/17\/french-fries\/\">French fries <\/a><\/li>\n<li>03.06.12 &#8211; <a title=\"Wen die G\u00f6tter lieben\u2026\" href=\"http:\/\/danielamohr.com\/mohrblog\/2014\/09\/16\/wen-die-goetter-lieben\/\">Wen die G\u00f6tter lieben&#8230;<\/a><\/li>\n<li>01.06.12 &#8211; <a title=\"Von Heckenscheren und \u201cLeistungen\u201d als solchen\" href=\"http:\/\/danielamohr.com\/mohrblog\/2014\/09\/16\/von-heckenscheren-und-leistungen-als-solchen\/\">Von Heckenscheren und &#8222;Leistungen&#8220; als solchen<\/a><\/li>\n<li>01.05.12 &#8211; <a title=\"Madame Misantropia und die Kreislaufprinzessin\" href=\"http:\/\/danielamohr.com\/mohrblog\/2014\/09\/16\/madame-misantropia-und-die-kreislaufprinzessin\/\">Madame Misantrophia und die Kreislaufprinzessin <\/a><\/li>\n<\/ul>\n","protected":false},"excerpt":{"rendered":"<p>2016 17.01.16 &#8211; Der Schl\u00fcssel zum Gl\u00fcck 2015 02.11.15 &#8211; Zimtzucker und Krokant im Getriebe 10.09.15 &#8211; Ein letztes T\u00e4nzchen mit Frau Sommer 27.08.15 &#8211; Eine Freifahrt auf der Klima-Achterbahn 04.06.15 &#8211; F\u00fcrstenweg, die 2. &#8211; Was geht kann, kann auch laufen! 17.05.15 &#8211; Happy feet! 29.04.15 &#8211; &#8222;Hauptsache, man ist an der frischen Luft&#8220; [&hellip;]<\/p>\n","protected":false},"author":1,"featured_media":0,"parent":0,"menu_order":1,"comment_status":"open","ping_status":"open","template":"","meta":{"footnotes":""},"class_list":["post-5","page","type-page","status-publish","hentry"],"yoast_head":"<!-- This site is optimized with the Yoast SEO plugin v27.4 - https:\/\/yoast.com\/product\/yoast-seo-wordpress\/ -->\n<title>mohrlaufen - MOHRBLOG<\/title>\n<meta name=\"robots\" content=\"noindex, follow\" \/>\n<meta property=\"og:locale\" content=\"de_DE\" \/>\n<meta property=\"og:type\" content=\"article\" \/>\n<meta property=\"og:title\" content=\"mohrlaufen - MOHRBLOG\" \/>\n<meta property=\"og:description\" content=\"2016 17.01.16 &#8211; Der Schl\u00fcssel zum Gl\u00fcck 2015 02.11.15 &#8211; Zimtzucker und Krokant im Getriebe 10.09.15 &#8211; Ein letztes T\u00e4nzchen mit Frau Sommer 27.08.15 &#8211; Eine Freifahrt auf der Klima-Achterbahn 04.06.15 &#8211; F\u00fcrstenweg, die 2. &#8211; Was geht kann, kann auch laufen! 17.05.15 &#8211; Happy feet! 29.04.15 &#8211; &#8222;Hauptsache, man ist an der frischen Luft&#8220; [&hellip;]\" \/>\n<meta property=\"og:url\" content=\"https:\/\/danielamohr.com\/mohrblog\/mohrlaufen\/\" \/>\n<meta property=\"og:site_name\" content=\"MOHRBLOG\" \/>\n<meta property=\"article:modified_time\" content=\"2017-03-26T09:05:46+00:00\" \/>\n<meta name=\"twitter:card\" content=\"summary_large_image\" \/>\n<meta name=\"twitter:label1\" content=\"Gesch\u00e4tzte Lesezeit\" \/>\n\t<meta name=\"twitter:data1\" content=\"2\u00a0Minuten\" \/>\n<script type=\"application\/ld+json\" class=\"yoast-schema-graph\">{\"@context\":\"https:\\\/\\\/schema.org\",\"@graph\":[{\"@type\":\"WebPage\",\"@id\":\"https:\\\/\\\/danielamohr.com\\\/mohrblog\\\/mohrlaufen\\\/\",\"url\":\"https:\\\/\\\/danielamohr.com\\\/mohrblog\\\/mohrlaufen\\\/\",\"name\":\"mohrlaufen - MOHRBLOG\",\"isPartOf\":{\"@id\":\"https:\\\/\\\/danielamohr.com\\\/mohrblog\\\/#website\"},\"datePublished\":\"2014-09-11T11:52:30+00:00\",\"dateModified\":\"2017-03-26T09:05:46+00:00\",\"breadcrumb\":{\"@id\":\"https:\\\/\\\/danielamohr.com\\\/mohrblog\\\/mohrlaufen\\\/#breadcrumb\"},\"inLanguage\":\"de\",\"potentialAction\":[{\"@type\":\"ReadAction\",\"target\":[\"https:\\\/\\\/danielamohr.com\\\/mohrblog\\\/mohrlaufen\\\/\"]}]},{\"@type\":\"BreadcrumbList\",\"@id\":\"https:\\\/\\\/danielamohr.com\\\/mohrblog\\\/mohrlaufen\\\/#breadcrumb\",\"itemListElement\":[{\"@type\":\"ListItem\",\"position\":1,\"name\":\"Startseite\",\"item\":\"https:\\\/\\\/danielamohr.com\\\/mohrblog\\\/\"},{\"@type\":\"ListItem\",\"position\":2,\"name\":\"mohrlaufen\"}]},{\"@type\":\"WebSite\",\"@id\":\"https:\\\/\\\/danielamohr.com\\\/mohrblog\\\/#website\",\"url\":\"https:\\\/\\\/danielamohr.com\\\/mohrblog\\\/\",\"name\":\"mohrblog\",\"description\":\"\",\"potentialAction\":[{\"@type\":\"SearchAction\",\"target\":{\"@type\":\"EntryPoint\",\"urlTemplate\":\"https:\\\/\\\/danielamohr.com\\\/mohrblog\\\/?s={search_term_string}\"},\"query-input\":{\"@type\":\"PropertyValueSpecification\",\"valueRequired\":true,\"valueName\":\"search_term_string\"}}],\"inLanguage\":\"de\"}]}<\/script>\n<!-- \/ Yoast SEO plugin. -->","yoast_head_json":{"title":"mohrlaufen - MOHRBLOG","robots":{"index":"noindex","follow":"follow"},"og_locale":"de_DE","og_type":"article","og_title":"mohrlaufen - MOHRBLOG","og_description":"2016 17.01.16 &#8211; Der Schl\u00fcssel zum Gl\u00fcck 2015 02.11.15 &#8211; Zimtzucker und Krokant im Getriebe 10.09.15 &#8211; Ein letztes T\u00e4nzchen mit Frau Sommer 27.08.15 &#8211; Eine Freifahrt auf der Klima-Achterbahn 04.06.15 &#8211; F\u00fcrstenweg, die 2. &#8211; Was geht kann, kann auch laufen! 17.05.15 &#8211; Happy feet! 29.04.15 &#8211; &#8222;Hauptsache, man ist an der frischen Luft&#8220; [&hellip;]","og_url":"https:\/\/danielamohr.com\/mohrblog\/mohrlaufen\/","og_site_name":"MOHRBLOG","article_modified_time":"2017-03-26T09:05:46+00:00","twitter_card":"summary_large_image","twitter_misc":{"Gesch\u00e4tzte Lesezeit":"2\u00a0Minuten"},"schema":{"@context":"https:\/\/schema.org","@graph":[{"@type":"WebPage","@id":"https:\/\/danielamohr.com\/mohrblog\/mohrlaufen\/","url":"https:\/\/danielamohr.com\/mohrblog\/mohrlaufen\/","name":"mohrlaufen - MOHRBLOG","isPartOf":{"@id":"https:\/\/danielamohr.com\/mohrblog\/#website"},"datePublished":"2014-09-11T11:52:30+00:00","dateModified":"2017-03-26T09:05:46+00:00","breadcrumb":{"@id":"https:\/\/danielamohr.com\/mohrblog\/mohrlaufen\/#breadcrumb"},"inLanguage":"de","potentialAction":[{"@type":"ReadAction","target":["https:\/\/danielamohr.com\/mohrblog\/mohrlaufen\/"]}]},{"@type":"BreadcrumbList","@id":"https:\/\/danielamohr.com\/mohrblog\/mohrlaufen\/#breadcrumb","itemListElement":[{"@type":"ListItem","position":1,"name":"Startseite","item":"https:\/\/danielamohr.com\/mohrblog\/"},{"@type":"ListItem","position":2,"name":"mohrlaufen"}]},{"@type":"WebSite","@id":"https:\/\/danielamohr.com\/mohrblog\/#website","url":"https:\/\/danielamohr.com\/mohrblog\/","name":"mohrblog","description":"","potentialAction":[{"@type":"SearchAction","target":{"@type":"EntryPoint","urlTemplate":"https:\/\/danielamohr.com\/mohrblog\/?s={search_term_string}"},"query-input":{"@type":"PropertyValueSpecification","valueRequired":true,"valueName":"search_term_string"}}],"inLanguage":"de"}]}},"jetpack_sharing_enabled":true,"_links":{"self":[{"href":"https:\/\/danielamohr.com\/mohrblog\/wp-json\/wp\/v2\/pages\/5","targetHints":{"allow":["GET"]}}],"collection":[{"href":"https:\/\/danielamohr.com\/mohrblog\/wp-json\/wp\/v2\/pages"}],"about":[{"href":"https:\/\/danielamohr.com\/mohrblog\/wp-json\/wp\/v2\/types\/page"}],"author":[{"embeddable":true,"href":"https:\/\/danielamohr.com\/mohrblog\/wp-json\/wp\/v2\/users\/1"}],"replies":[{"embeddable":true,"href":"https:\/\/danielamohr.com\/mohrblog\/wp-json\/wp\/v2\/comments?post=5"}],"version-history":[{"count":0,"href":"https:\/\/danielamohr.com\/mohrblog\/wp-json\/wp\/v2\/pages\/5\/revisions"}],"wp:attachment":[{"href":"https:\/\/danielamohr.com\/mohrblog\/wp-json\/wp\/v2\/media?parent=5"}],"curies":[{"name":"wp","href":"https:\/\/api.w.org\/{rel}","templated":true}]}}