{"id":8703,"date":"2022-10-14T05:45:56","date_gmt":"2022-10-14T03:45:56","guid":{"rendered":"https:\/\/danielamohr.com\/mohrblog\/?page_id=8703"},"modified":"2022-11-10T07:38:35","modified_gmt":"2022-11-10T05:38:35","slug":"fraumohrfotografiert","status":"publish","type":"page","link":"https:\/\/danielamohr.com\/mohrblog\/fraumohrfotografiert\/","title":{"rendered":"Frau Mohr fotografiert"},"content":{"rendered":"\n<div style=\"height:50px\" aria-hidden=\"true\" class=\"wp-block-spacer\"><\/div>\n\n\n\n<p class=\"has-text-align-center has-black-color has-text-color has-background has-medium-font-size\" style=\"background-color:#ff57004f\"><strong>GESCHICHTEN<\/strong><\/p>\n\n\n\n<div style=\"height:20px\" aria-hidden=\"true\" class=\"wp-block-spacer\"><\/div>\n\n\n\n<figure class=\"wp-block-gallery has-nested-images columns-2 is-cropped wp-block-gallery-1 is-layout-flex wp-block-gallery-is-layout-flex\">\n<figure class=\"wp-block-image size-large\"><a href=\"https:\/\/danielamohr.com\/mohrblog\/2022\/10\/06\/iwantedwings\/\"><img loading=\"lazy\" decoding=\"async\" width=\"1000\" height=\"685\" data-id=\"8706\" src=\"https:\/\/danielamohr.com\/mohrblog\/wp-content\/uploads\/2022\/10\/Iwantedwings.jpg\" alt=\"\" class=\"wp-image-8706\" srcset=\"https:\/\/danielamohr.com\/mohrblog\/wp-content\/uploads\/2022\/10\/Iwantedwings.jpg 1000w, https:\/\/danielamohr.com\/mohrblog\/wp-content\/uploads\/2022\/10\/Iwantedwings-300x206.jpg 300w, https:\/\/danielamohr.com\/mohrblog\/wp-content\/uploads\/2022\/10\/Iwantedwings-768x526.jpg 768w\" sizes=\"auto, (max-width: 1000px) 100vw, 1000px\" \/><\/a><figcaption class=\"wp-element-caption\">I wanted wings<\/figcaption><\/figure>\n\n\n\n<figure class=\"wp-block-image size-large\"><a href=\"https:\/\/danielamohr.com\/mohrblog\/2022\/10\/13\/heimwaerts\/\"><img loading=\"lazy\" decoding=\"async\" width=\"1000\" height=\"667\" data-id=\"8807\" src=\"https:\/\/danielamohr.com\/mohrblog\/wp-content\/uploads\/2022\/10\/heimwaerts.jpg\" alt=\"\" class=\"wp-image-8807\" srcset=\"https:\/\/danielamohr.com\/mohrblog\/wp-content\/uploads\/2022\/10\/heimwaerts.jpg 1000w, https:\/\/danielamohr.com\/mohrblog\/wp-content\/uploads\/2022\/10\/heimwaerts-300x200.jpg 300w, https:\/\/danielamohr.com\/mohrblog\/wp-content\/uploads\/2022\/10\/heimwaerts-768x512.jpg 768w\" sizes=\"auto, (max-width: 1000px) 100vw, 1000px\" \/><\/a><figcaption class=\"wp-element-caption\">Heimw\u00e4rts<\/figcaption><\/figure>\n\n\n\n<figure class=\"wp-block-image size-large\"><a href=\"https:\/\/danielamohr.com\/mohrblog\/2022\/10\/15\/comeonamyhouse\/\"><img loading=\"lazy\" decoding=\"async\" width=\"1000\" height=\"750\" data-id=\"8857\" src=\"https:\/\/danielamohr.com\/mohrblog\/wp-content\/uploads\/2022\/10\/comeonamyhouse.jpg\" alt=\"\" class=\"wp-image-8857\" srcset=\"https:\/\/danielamohr.com\/mohrblog\/wp-content\/uploads\/2022\/10\/comeonamyhouse.jpg 1000w, https:\/\/danielamohr.com\/mohrblog\/wp-content\/uploads\/2022\/10\/comeonamyhouse-300x225.jpg 300w, https:\/\/danielamohr.com\/mohrblog\/wp-content\/uploads\/2022\/10\/comeonamyhouse-768x576.jpg 768w, https:\/\/danielamohr.com\/mohrblog\/wp-content\/uploads\/2022\/10\/comeonamyhouse-800x600.jpg 800w\" sizes=\"auto, (max-width: 1000px) 100vw, 1000px\" \/><\/a><figcaption class=\"wp-element-caption\">Come on-a my house<\/figcaption><\/figure>\n\n\n\n<figure class=\"wp-block-image size-large\"><a href=\"https:\/\/danielamohr.com\/mohrblog\/2022\/10\/15\/theneverendingwhy\/\"><img loading=\"lazy\" decoding=\"async\" width=\"1000\" height=\"750\" data-id=\"8872\" src=\"https:\/\/danielamohr.com\/mohrblog\/wp-content\/uploads\/2022\/10\/neverendingwhythumb.jpg\" alt=\"\" class=\"wp-image-8872\" srcset=\"https:\/\/danielamohr.com\/mohrblog\/wp-content\/uploads\/2022\/10\/neverendingwhythumb.jpg 1000w, https:\/\/danielamohr.com\/mohrblog\/wp-content\/uploads\/2022\/10\/neverendingwhythumb-300x225.jpg 300w, https:\/\/danielamohr.com\/mohrblog\/wp-content\/uploads\/2022\/10\/neverendingwhythumb-768x576.jpg 768w, https:\/\/danielamohr.com\/mohrblog\/wp-content\/uploads\/2022\/10\/neverendingwhythumb-800x600.jpg 800w\" sizes=\"auto, (max-width: 1000px) 100vw, 1000px\" \/><\/a><figcaption class=\"wp-element-caption\">The never-ending why<\/figcaption><\/figure>\n\n\n\n<figure class=\"wp-block-image size-large\"><a href=\"https:\/\/danielamohr.com\/mohrblog\/2022\/10\/18\/goodtimesgonnacome\/\"><img loading=\"lazy\" decoding=\"async\" width=\"1000\" height=\"750\" data-id=\"8920\" src=\"https:\/\/danielamohr.com\/mohrblog\/wp-content\/uploads\/2022\/10\/goodtimesgonnacomethumb.jpg\" alt=\"\" class=\"wp-image-8920\" srcset=\"https:\/\/danielamohr.com\/mohrblog\/wp-content\/uploads\/2022\/10\/goodtimesgonnacomethumb.jpg 1000w, https:\/\/danielamohr.com\/mohrblog\/wp-content\/uploads\/2022\/10\/goodtimesgonnacomethumb-300x225.jpg 300w, https:\/\/danielamohr.com\/mohrblog\/wp-content\/uploads\/2022\/10\/goodtimesgonnacomethumb-768x576.jpg 768w, https:\/\/danielamohr.com\/mohrblog\/wp-content\/uploads\/2022\/10\/goodtimesgonnacomethumb-800x600.jpg 800w\" sizes=\"auto, (max-width: 1000px) 100vw, 1000px\" \/><\/a><figcaption class=\"wp-element-caption\">Good times gonna come<\/figcaption><\/figure>\n\n\n\n<figure class=\"wp-block-image size-large\"><img loading=\"lazy\" decoding=\"async\" width=\"1000\" height=\"685\" data-id=\"8713\" src=\"https:\/\/danielamohr.com\/mohrblog\/wp-content\/uploads\/2022\/10\/platzhalter.jpg\" alt=\"\" class=\"wp-image-8713\" srcset=\"https:\/\/danielamohr.com\/mohrblog\/wp-content\/uploads\/2022\/10\/platzhalter.jpg 1000w, https:\/\/danielamohr.com\/mohrblog\/wp-content\/uploads\/2022\/10\/platzhalter-300x206.jpg 300w, https:\/\/danielamohr.com\/mohrblog\/wp-content\/uploads\/2022\/10\/platzhalter-768x526.jpg 768w\" sizes=\"auto, (max-width: 1000px) 100vw, 1000px\" \/><\/figure>\n<\/figure>\n\n\n\n<div style=\"height:50px\" aria-hidden=\"true\" class=\"wp-block-spacer\"><\/div>\n\n\n\n<p class=\"has-text-align-center has-black-color has-text-color has-background has-medium-font-size\" style=\"background-color:#ff57004f\"><strong>STILLEBEN<\/strong><\/p>\n\n\n\n<div style=\"height:20px\" aria-hidden=\"true\" class=\"wp-block-spacer\"><\/div>\n\n\n\n<figure class=\"wp-block-gallery has-nested-images columns-2 is-cropped wp-block-gallery-2 is-layout-flex wp-block-gallery-is-layout-flex\">\n<figure class=\"wp-block-image size-large\"><a href=\"https:\/\/danielamohr.com\/mohrblog\/2022\/10\/15\/liebe\/\"><img loading=\"lazy\" decoding=\"async\" width=\"1000\" height=\"750\" data-id=\"8862\" src=\"https:\/\/danielamohr.com\/mohrblog\/wp-content\/uploads\/2022\/10\/Liebe.jpg\" alt=\"\" class=\"wp-image-8862\" srcset=\"https:\/\/danielamohr.com\/mohrblog\/wp-content\/uploads\/2022\/10\/Liebe.jpg 1000w, https:\/\/danielamohr.com\/mohrblog\/wp-content\/uploads\/2022\/10\/Liebe-300x225.jpg 300w, https:\/\/danielamohr.com\/mohrblog\/wp-content\/uploads\/2022\/10\/Liebe-768x576.jpg 768w, https:\/\/danielamohr.com\/mohrblog\/wp-content\/uploads\/2022\/10\/Liebe-800x600.jpg 800w\" sizes=\"auto, (max-width: 1000px) 100vw, 1000px\" \/><\/a><figcaption class=\"wp-element-caption\">We must love one another or die<\/figcaption><\/figure>\n\n\n\n<figure class=\"wp-block-image size-large\"><a href=\"https:\/\/danielamohr.com\/mohrblog\/2022\/10\/26\/einsamerjaeger\/\"><img loading=\"lazy\" decoding=\"async\" width=\"1000\" height=\"800\" data-id=\"8946\" src=\"https:\/\/danielamohr.com\/mohrblog\/wp-content\/uploads\/2022\/10\/dasherzisteineinsamerjaeger.jpg\" alt=\"\" class=\"wp-image-8946\" srcset=\"https:\/\/danielamohr.com\/mohrblog\/wp-content\/uploads\/2022\/10\/dasherzisteineinsamerjaeger.jpg 1000w, https:\/\/danielamohr.com\/mohrblog\/wp-content\/uploads\/2022\/10\/dasherzisteineinsamerjaeger-300x240.jpg 300w, https:\/\/danielamohr.com\/mohrblog\/wp-content\/uploads\/2022\/10\/dasherzisteineinsamerjaeger-768x614.jpg 768w\" sizes=\"auto, (max-width: 1000px) 100vw, 1000px\" \/><\/a><figcaption class=\"wp-element-caption\">Das Herz ist ein einsamer J\u00e4ger<\/figcaption><\/figure>\n\n\n\n<figure class=\"wp-block-image size-large\"><img loading=\"lazy\" decoding=\"async\" width=\"1000\" height=\"750\" data-id=\"9069\" src=\"https:\/\/danielamohr.com\/mohrblog\/wp-content\/uploads\/2022\/11\/keepgoin.jpg\" alt=\"\" class=\"wp-image-9069\" srcset=\"https:\/\/danielamohr.com\/mohrblog\/wp-content\/uploads\/2022\/11\/keepgoin.jpg 1000w, https:\/\/danielamohr.com\/mohrblog\/wp-content\/uploads\/2022\/11\/keepgoin-300x225.jpg 300w, https:\/\/danielamohr.com\/mohrblog\/wp-content\/uploads\/2022\/11\/keepgoin-768x576.jpg 768w, https:\/\/danielamohr.com\/mohrblog\/wp-content\/uploads\/2022\/11\/keepgoin-800x600.jpg 800w\" sizes=\"auto, (max-width: 1000px) 100vw, 1000px\" \/><figcaption class=\"wp-element-caption\">Fort\/Schritt<\/figcaption><\/figure>\n\n\n\n<figure class=\"wp-block-image size-large\"><img loading=\"lazy\" decoding=\"async\" width=\"1000\" height=\"685\" data-id=\"8713\" src=\"https:\/\/danielamohr.com\/mohrblog\/wp-content\/uploads\/2022\/10\/platzhalter.jpg\" alt=\"\" class=\"wp-image-8713\" srcset=\"https:\/\/danielamohr.com\/mohrblog\/wp-content\/uploads\/2022\/10\/platzhalter.jpg 1000w, https:\/\/danielamohr.com\/mohrblog\/wp-content\/uploads\/2022\/10\/platzhalter-300x206.jpg 300w, https:\/\/danielamohr.com\/mohrblog\/wp-content\/uploads\/2022\/10\/platzhalter-768x526.jpg 768w\" sizes=\"auto, (max-width: 1000px) 100vw, 1000px\" \/><\/figure>\n<\/figure>\n\n\n\n<div style=\"height:50px\" aria-hidden=\"true\" class=\"wp-block-spacer\"><\/div>\n\n\n\n<p class=\"has-text-align-center has-black-color has-text-color has-background has-medium-font-size\" style=\"background-color:#ff57004f\"><strong>TIERE<\/strong><\/p>\n\n\n\n<div style=\"height:20px\" aria-hidden=\"true\" class=\"wp-block-spacer\"><\/div>\n\n\n\n<figure class=\"wp-block-gallery has-nested-images columns-default is-cropped wp-block-gallery-3 is-layout-flex wp-block-gallery-is-layout-flex\">\n<figure class=\"wp-block-image size-large\"><a href=\"https:\/\/danielamohr.com\/mohrblog\/2022\/10\/06\/jasper\/\"><img loading=\"lazy\" decoding=\"async\" width=\"1000\" height=\"750\" data-id=\"8797\" src=\"https:\/\/danielamohr.com\/mohrblog\/wp-content\/uploads\/2022\/10\/Jasperthumb.jpg\" alt=\"\" class=\"wp-image-8797\" srcset=\"https:\/\/danielamohr.com\/mohrblog\/wp-content\/uploads\/2022\/10\/Jasperthumb.jpg 1000w, https:\/\/danielamohr.com\/mohrblog\/wp-content\/uploads\/2022\/10\/Jasperthumb-300x225.jpg 300w, https:\/\/danielamohr.com\/mohrblog\/wp-content\/uploads\/2022\/10\/Jasperthumb-768x576.jpg 768w, https:\/\/danielamohr.com\/mohrblog\/wp-content\/uploads\/2022\/10\/Jasperthumb-800x600.jpg 800w\" sizes=\"auto, (max-width: 1000px) 100vw, 1000px\" \/><\/a><figcaption class=\"wp-element-caption\">Jasper<\/figcaption><\/figure>\n\n\n\n<figure class=\"wp-block-image size-large\"><img loading=\"lazy\" decoding=\"async\" width=\"1000\" height=\"685\" data-id=\"8713\" src=\"https:\/\/danielamohr.com\/mohrblog\/wp-content\/uploads\/2022\/10\/platzhalter.jpg\" alt=\"\" class=\"wp-image-8713\" srcset=\"https:\/\/danielamohr.com\/mohrblog\/wp-content\/uploads\/2022\/10\/platzhalter.jpg 1000w, https:\/\/danielamohr.com\/mohrblog\/wp-content\/uploads\/2022\/10\/platzhalter-300x206.jpg 300w, https:\/\/danielamohr.com\/mohrblog\/wp-content\/uploads\/2022\/10\/platzhalter-768x526.jpg 768w\" sizes=\"auto, (max-width: 1000px) 100vw, 1000px\" \/><\/figure>\n<\/figure>\n\n\n\n<div style=\"height:50px\" aria-hidden=\"true\" class=\"wp-block-spacer\"><\/div>\n\n\n\n<p class=\"has-text-align-center has-black-color has-text-color has-background has-medium-font-size\" style=\"background-color:#ff57004f\"><strong>CHUCKS<\/strong><\/p>\n\n\n\n<div style=\"height:20px\" aria-hidden=\"true\" class=\"wp-block-spacer\"><\/div>\n\n\n\n<figure class=\"wp-block-gallery has-nested-images columns-2 is-cropped wp-block-gallery-4 is-layout-flex wp-block-gallery-is-layout-flex\">\n<figure class=\"wp-block-image size-large\"><a href=\"https:\/\/danielamohr.com\/mohrblog\/2022\/10\/12\/lostinaforest\/\"><img loading=\"lazy\" decoding=\"async\" width=\"1000\" height=\"667\" data-id=\"8723\" src=\"https:\/\/danielamohr.com\/mohrblog\/wp-content\/uploads\/2022\/10\/Madeforwalking.jpg\" alt=\"\" class=\"wp-image-8723\" srcset=\"https:\/\/danielamohr.com\/mohrblog\/wp-content\/uploads\/2022\/10\/Madeforwalking.jpg 1000w, https:\/\/danielamohr.com\/mohrblog\/wp-content\/uploads\/2022\/10\/Madeforwalking-300x200.jpg 300w, https:\/\/danielamohr.com\/mohrblog\/wp-content\/uploads\/2022\/10\/Madeforwalking-768x512.jpg 768w\" sizes=\"auto, (max-width: 1000px) 100vw, 1000px\" \/><\/a><figcaption class=\"wp-element-caption\">Made for walking<\/figcaption><\/figure>\n\n\n\n<figure class=\"wp-block-image size-large\"><a href=\"https:\/\/danielamohr.com\/mohrblog\/2022\/10\/12\/lostinaforest\/\"><img loading=\"lazy\" decoding=\"async\" width=\"1000\" height=\"750\" data-id=\"8761\" src=\"https:\/\/danielamohr.com\/mohrblog\/wp-content\/uploads\/2022\/10\/petrolchucks.jpg\" alt=\"\" class=\"wp-image-8761\" srcset=\"https:\/\/danielamohr.com\/mohrblog\/wp-content\/uploads\/2022\/10\/petrolchucks.jpg 1000w, https:\/\/danielamohr.com\/mohrblog\/wp-content\/uploads\/2022\/10\/petrolchucks-300x225.jpg 300w, https:\/\/danielamohr.com\/mohrblog\/wp-content\/uploads\/2022\/10\/petrolchucks-768x576.jpg 768w, https:\/\/danielamohr.com\/mohrblog\/wp-content\/uploads\/2022\/10\/petrolchucks-800x600.jpg 800w\" sizes=\"auto, (max-width: 1000px) 100vw, 1000px\" \/><\/a><figcaption class=\"wp-element-caption\">Lost in a forest<\/figcaption><\/figure>\n<\/figure>\n\n\n\n<div style=\"height:50px\" aria-hidden=\"true\" class=\"wp-block-spacer\"><\/div>\n\n\n\n<p class=\"has-text-align-center has-black-color has-text-color has-background has-medium-font-size\" style=\"background-color:#ff57004f\"><strong>NATUR<\/strong><\/p>\n\n\n\n<div style=\"height:20px\" aria-hidden=\"true\" class=\"wp-block-spacer\"><\/div>\n\n\n\n<figure class=\"wp-block-gallery has-nested-images columns-default is-cropped wp-block-gallery-5 is-layout-flex wp-block-gallery-is-layout-flex\">\n<figure class=\"wp-block-image size-large\"><a href=\"https:\/\/danielamohr.com\/mohrblog\/2022\/10\/17\/alovelikeblood\/\"><img loading=\"lazy\" decoding=\"async\" width=\"1000\" height=\"750\" data-id=\"8913\" src=\"https:\/\/danielamohr.com\/mohrblog\/wp-content\/uploads\/2022\/10\/alovelikeblood.jpg\" alt=\"\" class=\"wp-image-8913\" srcset=\"https:\/\/danielamohr.com\/mohrblog\/wp-content\/uploads\/2022\/10\/alovelikeblood.jpg 1000w, https:\/\/danielamohr.com\/mohrblog\/wp-content\/uploads\/2022\/10\/alovelikeblood-300x225.jpg 300w, https:\/\/danielamohr.com\/mohrblog\/wp-content\/uploads\/2022\/10\/alovelikeblood-768x576.jpg 768w, https:\/\/danielamohr.com\/mohrblog\/wp-content\/uploads\/2022\/10\/alovelikeblood-800x600.jpg 800w\" sizes=\"auto, (max-width: 1000px) 100vw, 1000px\" \/><\/a><figcaption class=\"wp-element-caption\">A love like blood <\/figcaption><\/figure>\n\n\n\n<figure class=\"wp-block-image size-large\"><img loading=\"lazy\" decoding=\"async\" width=\"1000\" height=\"685\" data-id=\"8713\" src=\"https:\/\/danielamohr.com\/mohrblog\/wp-content\/uploads\/2022\/10\/platzhalter.jpg\" alt=\"\" class=\"wp-image-8713\" srcset=\"https:\/\/danielamohr.com\/mohrblog\/wp-content\/uploads\/2022\/10\/platzhalter.jpg 1000w, https:\/\/danielamohr.com\/mohrblog\/wp-content\/uploads\/2022\/10\/platzhalter-300x206.jpg 300w, https:\/\/danielamohr.com\/mohrblog\/wp-content\/uploads\/2022\/10\/platzhalter-768x526.jpg 768w\" sizes=\"auto, (max-width: 1000px) 100vw, 1000px\" \/><\/figure>\n<\/figure>\n\n\n\n<p class=\"has-text-align-right has-small-font-size\">Alle Text- und Bildrechte liegen bei mir.<br><strong>Diebstahl ist schei\u00dfe f\u00fcrs Karma. <\/strong><br>Denkt lieber vorher dr\u00fcber nach. <br>Hinterher ist es zu sp\u00e4t. <\/p>\n","protected":false},"excerpt":{"rendered":"<p>GESCHICHTEN STILLEBEN TIERE CHUCKS NATUR Alle Text- und Bildrechte liegen bei mir.Diebstahl ist schei\u00dfe f\u00fcrs Karma. Denkt lieber vorher dr\u00fcber nach. Hinterher ist es zu sp\u00e4t.<\/p>\n","protected":false},"author":1,"featured_media":0,"parent":0,"menu_order":0,"comment_status":"closed","ping_status":"closed","template":"","meta":{"footnotes":""},"class_list":["post-8703","page","type-page","status-publish","hentry"],"yoast_head":"<!-- This site is optimized with the Yoast SEO plugin v27.4 - https:\/\/yoast.com\/product\/yoast-seo-wordpress\/ -->\n<title>Frau Mohr fotografiert - MOHRBLOG<\/title>\n<meta name=\"robots\" content=\"noindex, follow\" \/>\n<meta property=\"og:locale\" content=\"de_DE\" \/>\n<meta property=\"og:type\" content=\"article\" \/>\n<meta property=\"og:title\" content=\"Frau Mohr fotografiert - MOHRBLOG\" \/>\n<meta property=\"og:description\" content=\"GESCHICHTEN STILLEBEN TIERE CHUCKS NATUR Alle Text- und Bildrechte liegen bei mir.Diebstahl ist schei\u00dfe f\u00fcrs Karma. Denkt lieber vorher dr\u00fcber nach. Hinterher ist es zu sp\u00e4t.\" \/>\n<meta property=\"og:url\" content=\"https:\/\/danielamohr.com\/mohrblog\/fraumohrfotografiert\/\" \/>\n<meta property=\"og:site_name\" content=\"MOHRBLOG\" \/>\n<meta property=\"article:modified_time\" content=\"2022-11-10T05:38:35+00:00\" \/>\n<meta property=\"og:image\" content=\"https:\/\/danielamohr.com\/mohrblog\/wp-content\/uploads\/2022\/10\/Iwantedwings.jpg\" \/>\n<meta name=\"twitter:card\" content=\"summary_large_image\" \/>\n<meta name=\"twitter:label1\" content=\"Gesch\u00e4tzte Lesezeit\" \/>\n\t<meta name=\"twitter:data1\" content=\"4\u00a0Minuten\" \/>\n<script type=\"application\/ld+json\" class=\"yoast-schema-graph\">{\"@context\":\"https:\\\/\\\/schema.org\",\"@graph\":[{\"@type\":\"WebPage\",\"@id\":\"https:\\\/\\\/danielamohr.com\\\/mohrblog\\\/fraumohrfotografiert\\\/\",\"url\":\"https:\\\/\\\/danielamohr.com\\\/mohrblog\\\/fraumohrfotografiert\\\/\",\"name\":\"Frau Mohr fotografiert - MOHRBLOG\",\"isPartOf\":{\"@id\":\"https:\\\/\\\/danielamohr.com\\\/mohrblog\\\/#website\"},\"primaryImageOfPage\":{\"@id\":\"https:\\\/\\\/danielamohr.com\\\/mohrblog\\\/fraumohrfotografiert\\\/#primaryimage\"},\"image\":{\"@id\":\"https:\\\/\\\/danielamohr.com\\\/mohrblog\\\/fraumohrfotografiert\\\/#primaryimage\"},\"thumbnailUrl\":\"https:\\\/\\\/danielamohr.com\\\/mohrblog\\\/wp-content\\\/uploads\\\/2022\\\/10\\\/Iwantedwings.jpg\",\"datePublished\":\"2022-10-14T03:45:56+00:00\",\"dateModified\":\"2022-11-10T05:38:35+00:00\",\"breadcrumb\":{\"@id\":\"https:\\\/\\\/danielamohr.com\\\/mohrblog\\\/fraumohrfotografiert\\\/#breadcrumb\"},\"inLanguage\":\"de\",\"potentialAction\":[{\"@type\":\"ReadAction\",\"target\":[\"https:\\\/\\\/danielamohr.com\\\/mohrblog\\\/fraumohrfotografiert\\\/\"]}]},{\"@type\":\"ImageObject\",\"inLanguage\":\"de\",\"@id\":\"https:\\\/\\\/danielamohr.com\\\/mohrblog\\\/fraumohrfotografiert\\\/#primaryimage\",\"url\":\"https:\\\/\\\/danielamohr.com\\\/mohrblog\\\/wp-content\\\/uploads\\\/2022\\\/10\\\/Iwantedwings.jpg\",\"contentUrl\":\"https:\\\/\\\/danielamohr.com\\\/mohrblog\\\/wp-content\\\/uploads\\\/2022\\\/10\\\/Iwantedwings.jpg\",\"width\":1000,\"height\":685,\"caption\":\"I wanted wings\"},{\"@type\":\"BreadcrumbList\",\"@id\":\"https:\\\/\\\/danielamohr.com\\\/mohrblog\\\/fraumohrfotografiert\\\/#breadcrumb\",\"itemListElement\":[{\"@type\":\"ListItem\",\"position\":1,\"name\":\"Startseite\",\"item\":\"https:\\\/\\\/danielamohr.com\\\/mohrblog\\\/\"},{\"@type\":\"ListItem\",\"position\":2,\"name\":\"Frau Mohr fotografiert\"}]},{\"@type\":\"WebSite\",\"@id\":\"https:\\\/\\\/danielamohr.com\\\/mohrblog\\\/#website\",\"url\":\"https:\\\/\\\/danielamohr.com\\\/mohrblog\\\/\",\"name\":\"mohrblog\",\"description\":\"\",\"potentialAction\":[{\"@type\":\"SearchAction\",\"target\":{\"@type\":\"EntryPoint\",\"urlTemplate\":\"https:\\\/\\\/danielamohr.com\\\/mohrblog\\\/?s={search_term_string}\"},\"query-input\":{\"@type\":\"PropertyValueSpecification\",\"valueRequired\":true,\"valueName\":\"search_term_string\"}}],\"inLanguage\":\"de\"}]}<\/script>\n<!-- \/ Yoast SEO plugin. -->","yoast_head_json":{"title":"Frau Mohr fotografiert - MOHRBLOG","robots":{"index":"noindex","follow":"follow"},"og_locale":"de_DE","og_type":"article","og_title":"Frau Mohr fotografiert - MOHRBLOG","og_description":"GESCHICHTEN STILLEBEN TIERE CHUCKS NATUR Alle Text- und Bildrechte liegen bei mir.Diebstahl ist schei\u00dfe f\u00fcrs Karma. Denkt lieber vorher dr\u00fcber nach. Hinterher ist es zu sp\u00e4t.","og_url":"https:\/\/danielamohr.com\/mohrblog\/fraumohrfotografiert\/","og_site_name":"MOHRBLOG","article_modified_time":"2022-11-10T05:38:35+00:00","og_image":[{"url":"https:\/\/danielamohr.com\/mohrblog\/wp-content\/uploads\/2022\/10\/Iwantedwings.jpg","type":"","width":"","height":""}],"twitter_card":"summary_large_image","twitter_misc":{"Gesch\u00e4tzte Lesezeit":"4\u00a0Minuten"},"schema":{"@context":"https:\/\/schema.org","@graph":[{"@type":"WebPage","@id":"https:\/\/danielamohr.com\/mohrblog\/fraumohrfotografiert\/","url":"https:\/\/danielamohr.com\/mohrblog\/fraumohrfotografiert\/","name":"Frau Mohr fotografiert - MOHRBLOG","isPartOf":{"@id":"https:\/\/danielamohr.com\/mohrblog\/#website"},"primaryImageOfPage":{"@id":"https:\/\/danielamohr.com\/mohrblog\/fraumohrfotografiert\/#primaryimage"},"image":{"@id":"https:\/\/danielamohr.com\/mohrblog\/fraumohrfotografiert\/#primaryimage"},"thumbnailUrl":"https:\/\/danielamohr.com\/mohrblog\/wp-content\/uploads\/2022\/10\/Iwantedwings.jpg","datePublished":"2022-10-14T03:45:56+00:00","dateModified":"2022-11-10T05:38:35+00:00","breadcrumb":{"@id":"https:\/\/danielamohr.com\/mohrblog\/fraumohrfotografiert\/#breadcrumb"},"inLanguage":"de","potentialAction":[{"@type":"ReadAction","target":["https:\/\/danielamohr.com\/mohrblog\/fraumohrfotografiert\/"]}]},{"@type":"ImageObject","inLanguage":"de","@id":"https:\/\/danielamohr.com\/mohrblog\/fraumohrfotografiert\/#primaryimage","url":"https:\/\/danielamohr.com\/mohrblog\/wp-content\/uploads\/2022\/10\/Iwantedwings.jpg","contentUrl":"https:\/\/danielamohr.com\/mohrblog\/wp-content\/uploads\/2022\/10\/Iwantedwings.jpg","width":1000,"height":685,"caption":"I wanted wings"},{"@type":"BreadcrumbList","@id":"https:\/\/danielamohr.com\/mohrblog\/fraumohrfotografiert\/#breadcrumb","itemListElement":[{"@type":"ListItem","position":1,"name":"Startseite","item":"https:\/\/danielamohr.com\/mohrblog\/"},{"@type":"ListItem","position":2,"name":"Frau Mohr fotografiert"}]},{"@type":"WebSite","@id":"https:\/\/danielamohr.com\/mohrblog\/#website","url":"https:\/\/danielamohr.com\/mohrblog\/","name":"mohrblog","description":"","potentialAction":[{"@type":"SearchAction","target":{"@type":"EntryPoint","urlTemplate":"https:\/\/danielamohr.com\/mohrblog\/?s={search_term_string}"},"query-input":{"@type":"PropertyValueSpecification","valueRequired":true,"valueName":"search_term_string"}}],"inLanguage":"de"}]}},"jetpack_sharing_enabled":true,"_links":{"self":[{"href":"https:\/\/danielamohr.com\/mohrblog\/wp-json\/wp\/v2\/pages\/8703","targetHints":{"allow":["GET"]}}],"collection":[{"href":"https:\/\/danielamohr.com\/mohrblog\/wp-json\/wp\/v2\/pages"}],"about":[{"href":"https:\/\/danielamohr.com\/mohrblog\/wp-json\/wp\/v2\/types\/page"}],"author":[{"embeddable":true,"href":"https:\/\/danielamohr.com\/mohrblog\/wp-json\/wp\/v2\/users\/1"}],"replies":[{"embeddable":true,"href":"https:\/\/danielamohr.com\/mohrblog\/wp-json\/wp\/v2\/comments?post=8703"}],"version-history":[{"count":32,"href":"https:\/\/danielamohr.com\/mohrblog\/wp-json\/wp\/v2\/pages\/8703\/revisions"}],"predecessor-version":[{"id":9073,"href":"https:\/\/danielamohr.com\/mohrblog\/wp-json\/wp\/v2\/pages\/8703\/revisions\/9073"}],"wp:attachment":[{"href":"https:\/\/danielamohr.com\/mohrblog\/wp-json\/wp\/v2\/media?parent=8703"}],"curies":[{"name":"wp","href":"https:\/\/api.w.org\/{rel}","templated":true}]}}